{"id":6,"date":"2023-08-29T12:06:42","date_gmt":"2023-08-29T10:06:42","guid":{"rendered":"https:\/\/dev.depaninfo69.fr\/?page_id=6"},"modified":"2023-09-11T07:53:55","modified_gmt":"2023-09-11T05:53:55","slug":"accueil","status":"publish","type":"page","link":"https:\/\/dev.depaninfo69.fr\/","title":{"rendered":"Accueil"},"content":{"rendered":"\n<div class=\"wp-block-cover alignfull is-light\" style=\"min-height:720px;aspect-ratio:unset;\"><span aria-hidden=\"true\" class=\"wp-block-cover__background has-background-dim-100 has-background-dim has-background-gradient\" style=\"background:linear-gradient(35deg,rgb(6,0,151) 0%,rgb(130,4,255) 73%,rgb(193,15,255) 100%)\"><\/span><div class=\"wp-block-cover__inner-container is-layout-flow wp-block-cover-is-layout-flow\">\n<div class=\"inherit-container-width wp-block-group alignwide is-layout-constrained wp-block-group-is-layout-constrained\">\n<div class=\"wp-block-media-text alignwide has-media-on-the-right is-stacked-on-mobile is-vertically-aligned-center\" style=\"grid-template-columns:auto 43%\"><div class=\"wp-block-media-text__content\">\n<h1 class=\"wp-block-heading has-text-align-left has-white-color has-text-color\">Votre partenaire informatique<\/h1>\n\n\n\n<p>Notre m\u00e9tier est d&rsquo;accompagner les professionnelle et les collectivit\u00e9s locales dans l&rsquo;univers du num\u00e9rique.<\/p>\n\n\n\n<div class=\"wp-block-buttons is-layout-flex wp-block-buttons-is-layout-flex\">\n<div class=\"wp-block-button\"><a class=\"wp-block-button__link wp-element-button\" href=\"\/\/dev.depaninfo69.fr\/?page_id=60\" target=\"_blank\" rel=\"noreferrer noopener\">Contacter nous<\/a><\/div>\n<\/div>\n<\/div><figure class=\"wp-block-media-text__media\"><img loading=\"lazy\" decoding=\"async\" width=\"1024\" height=\"711\" src=\"https:\/\/dev.depaninfo69.fr\/wp-content\/uploads\/2023\/09\/LOGO-SEUL-1024x711.png\" alt=\"\" class=\"wp-image-121 size-full\" srcset=\"https:\/\/dev.depaninfo69.fr\/wp-content\/uploads\/2023\/09\/LOGO-SEUL-1024x711.png 1024w, https:\/\/dev.depaninfo69.fr\/wp-content\/uploads\/2023\/09\/LOGO-SEUL-300x208.png 300w, https:\/\/dev.depaninfo69.fr\/wp-content\/uploads\/2023\/09\/LOGO-SEUL-768x533.png 768w, https:\/\/dev.depaninfo69.fr\/wp-content\/uploads\/2023\/09\/LOGO-SEUL-1536x1067.png 1536w, https:\/\/dev.depaninfo69.fr\/wp-content\/uploads\/2023\/09\/LOGO-SEUL-2048x1422.png 2048w\" sizes=\"auto, (max-width: 1024px) 100vw, 1024px\" \/><\/figure><\/div>\n<\/div>\n<\/div><\/div>\n\n\n\n<div class=\"wp-block-group alignfull has-ast-global-color-5-background-color has-background is-layout-constrained wp-container-core-group-is-layout-9cedb757 wp-block-group-is-layout-constrained\" style=\"padding-bottom:0px\">\n<div class=\"wp-block-columns are-vertically-aligned-top is-layout-flex wp-container-core-columns-is-layout-00723822 wp-block-columns-is-layout-flex\">\n<div class=\"wp-block-column is-vertically-aligned-top is-layout-flow wp-container-core-column-is-layout-6b73ce23 wp-block-column-is-layout-flow\">\n<figure class=\"wp-block-image size-large\"><img decoding=\"async\" src=\"https:\/\/dev.depaninfo69.fr\/wp-content\/themes\/astra\/inc\/assets\/images\/starter-content\/building.svg\" alt=\"Entreprise locale \u00e0 Lozanne\" class=\"wp-image-134\"\/><\/figure>\n\n\n\n<h3 class=\"wp-block-heading has-text-align-left\" style=\"margin-top:16px\">Entreprise locale<\/h3>\n\n\n\n<p class=\"has-text-align-left\">Le si\u00e8ge est \u00e0 Lozanne dans la vall\u00e9e d&rsquo;Azergues \u00e0 mi-chemin entre Lyon et Villefranche-sur-Sa\u00f4ne.<\/p>\n<\/div>\n\n\n\n<div class=\"wp-block-column is-vertically-aligned-top is-layout-flow wp-container-core-column-is-layout-6b73ce23 wp-block-column-is-layout-flow\">\n<figure class=\"wp-block-image size-large\"><img decoding=\"async\" src=\"https:\/\/dev.depaninfo69.fr\/wp-content\/themes\/astra\/inc\/assets\/images\/starter-content\/shopping-bag.svg\" alt=\"\" class=\"wp-image-135\"\/><\/figure>\n\n\n\n<h3 class=\"wp-block-heading has-text-align-left\" style=\"margin-top:16px\">Boutique en ligne<\/h3>\n\n\n\n<p class=\"has-text-align-left\">La boutique en ligne permet aux adh\u00e9rents de passer commande et d\u2019\u00eatre livr\u00e9s sous 48h.<\/p>\n<\/div>\n\n\n\n<div class=\"wp-block-column is-vertically-aligned-top is-layout-flow wp-container-core-column-is-layout-6b73ce23 wp-block-column-is-layout-flow\">\n<figure class=\"wp-block-image size-large\"><img decoding=\"async\" src=\"https:\/\/dev.depaninfo69.fr\/wp-content\/themes\/astra\/inc\/assets\/images\/starter-content\/blog.svg\" alt=\"Audit informatique\" class=\"wp-image-136\"\/><\/figure>\n\n\n\n<h3 class=\"wp-block-heading has-text-align-left\" style=\"margin-top:16px\">Audit<\/h3>\n\n\n\n<p class=\"has-text-align-left\">Vous avez besoin de faire un point sur la cybers\u00e9curit\u00e9 de votre entreprise.<\/p>\n<\/div>\n\n\n\n<div class=\"wp-block-column is-vertically-aligned-top is-layout-flow wp-container-core-column-is-layout-6b73ce23 wp-block-column-is-layout-flow\">\n<figure class=\"wp-block-image size-large\"><img decoding=\"async\" src=\"https:\/\/dev.depaninfo69.fr\/wp-content\/themes\/astra\/inc\/assets\/images\/starter-content\/portfolio.svg\" alt=\"Partenaire Zebra, hp, Dell, Brother\" class=\"wp-image-137\"\/><\/figure>\n\n\n\n<h3 class=\"wp-block-heading has-text-align-left\" style=\"margin-top:16px\">Partenaire<\/h3>\n\n\n\n<p class=\"has-text-align-left\">Nous sommes certifi\u00e9s aupr\u00e8s de plusieurs fabricants de mat\u00e9riel et logiciel informatiques.<\/p>\n<\/div>\n<\/div>\n<\/div>\n\n\n\n<div class=\"inherit-container-width wp-block-group alignfull is-layout-constrained wp-block-group-is-layout-constrained\" id=\"services\" style=\"padding-top:144px;padding-bottom:0px\">\n<h2 class=\"wp-block-heading\">Nos Services<\/h2>\n\n\n\n<div class=\"wp-block-columns is-layout-flex wp-container-core-columns-is-layout-60cbf9bb wp-block-columns-is-layout-flex\" style=\"margin-top:50px\">\n<div class=\"wp-block-column is-layout-flow wp-container-core-column-is-layout-6b73ce23 wp-block-column-is-layout-flow\">\n<figure class=\"wp-block-image size-full\"><img decoding=\"async\" src=\"https:\/\/dev.depaninfo69.fr\/wp-content\/themes\/astra\/inc\/assets\/images\/starter-content\/branding.jpg\" alt=\"Vente et installation\" class=\"wp-image-230\"\/><\/figure>\n\n\n\n<h3 class=\"wp-block-heading\" style=\"margin-top:16px\">Vente et installation<\/h3>\n\n\n\n<p>Vous avez besoin de vous \u00e9quiper ou de renouveler votre mat\u00e9riel informatique, nous vous accompagnons sur le choix du mat\u00e9riel  jusqu&rsquo;\u00e0 l&rsquo;installation.<\/p>\n<\/div>\n\n\n\n<div class=\"wp-block-column is-layout-flow wp-container-core-column-is-layout-6b73ce23 wp-block-column-is-layout-flow\">\n<figure class=\"wp-block-image size-full\"><img decoding=\"async\" src=\"https:\/\/dev.depaninfo69.fr\/wp-content\/themes\/astra\/inc\/assets\/images\/starter-content\/graphic.jpg\" alt=\"Infog\u00e9rance\" class=\"wp-image-232\"\/><\/figure>\n\n\n\n<h3 class=\"wp-block-heading\" style=\"margin-top:16px\">Infog\u00e9rance<\/h3>\n\n\n\n<p>Nous administrons une partie ou l&rsquo;int\u00e9gralit\u00e9 de votre syst\u00e8me informatique.<\/p>\n<\/div>\n\n\n\n<div class=\"wp-block-column is-layout-flow wp-container-core-column-is-layout-6b73ce23 wp-block-column-is-layout-flow\">\n<figure class=\"wp-block-image size-full\"><img decoding=\"async\" src=\"https:\/\/dev.depaninfo69.fr\/wp-content\/themes\/astra\/inc\/assets\/images\/starter-content\/web.jpg\" alt=\"Maintenance\" class=\"wp-image-231\"\/><\/figure>\n\n\n\n<h3 class=\"wp-block-heading\" style=\"margin-top:16px\">Maintenance<\/h3>\n\n\n\n<p>Nous proposons une maintenance curative et des contrats de d\u00e9pannage.<\/p>\n<\/div>\n<\/div>\n<\/div>\n\n\n\n<div class=\"wp-block-group alignfull has-ast-global-color-5-background-color has-background is-layout-constrained wp-container-core-group-is-layout-94d206d0 wp-block-group-is-layout-constrained\" id=\"about\" style=\"padding-top:143px;padding-bottom:144px\">\n<div class=\"wp-block-media-text has-media-on-the-right is-stacked-on-mobile is-vertically-aligned-center\"><div class=\"wp-block-media-text__content\">\n<div class=\"inherit-container-width wp-block-group is-layout-constrained wp-container-core-group-is-layout-47ce07ec wp-block-group-is-layout-constrained\" style=\"padding-right:80px\">\n<h2 class=\"wp-block-heading\" style=\"padding-right:40px\">Nous vous aidons \u00e0 am\u00e9liorer votre activit\u00e9 avec du mat\u00e9riel adapt\u00e9<\/h2>\n\n\n\n<p>Vous devez compter tous les jours sur votre syst\u00e8me d\u2019information pour ne pas arr\u00eater votre activit\u00e9 professionnelle. <\/p>\n\n\n\n<p>Nous nous occupons de votre ordinateur et serveur mais aussi de votre r\u00e9seau, du stockage de vos donn\u00e9es et de vos sauvegardes.<\/p>\n\n\n\n<p>Nous vous proposons du mat\u00e9riel fiable, performant et qui se prolonge dans le temps pour respecter l\u2019environnement.<\/p>\n<\/div>\n<\/div><figure class=\"wp-block-media-text__media\"><img decoding=\"async\" src=\"https:\/\/dev.depaninfo69.fr\/wp-content\/themes\/astra\/inc\/assets\/images\/starter-content\/about-us.jpg\" alt=\"\" class=\"wp-image-237 size-full\"\/><\/figure><\/div>\n<\/div>\n\n\n\n<div class=\"wp-block-group alignfull is-layout-constrained wp-container-core-group-is-layout-3fee123f wp-block-group-is-layout-constrained\" id=\"whyus\" style=\"padding-top:144px;padding-bottom:144px\">\n<h2 class=\"wp-block-heading\">Pourquoi nous choisir?<\/h2>\n\n\n\n<div class=\"wp-block-columns is-layout-flex wp-container-core-columns-is-layout-29aadeec wp-block-columns-is-layout-flex\" style=\"margin-top:60px\">\n<div class=\"wp-block-column is-layout-flow wp-container-core-column-is-layout-6b73ce23 wp-block-column-is-layout-flow\">\n<figure class=\"wp-block-image size-large\"><img decoding=\"async\" src=\"https:\/\/dev.depaninfo69.fr\/wp-content\/themes\/astra\/inc\/assets\/images\/starter-content\/passionate.svg\" alt=\"Passionn\u00e9\" class=\"wp-image-162\"\/><\/figure>\n\n\n\n<h3 class=\"wp-block-heading\" style=\"margin-top:16px\">Passionn\u00e9<\/h3>\n\n\n\n<p>Nous mettons tout en \u0153uvre pour trouver une solution technique \u00e0 votre probl\u00e8me.<\/p>\n<\/div>\n\n\n\n<div class=\"wp-block-column is-layout-flow wp-container-core-column-is-layout-6b73ce23 wp-block-column-is-layout-flow\">\n<figure class=\"wp-block-image size-large\"><img decoding=\"async\" src=\"https:\/\/dev.depaninfo69.fr\/wp-content\/themes\/astra\/inc\/assets\/images\/starter-content\/professional.svg\" alt=\"Professionel\" class=\"wp-image-163\"\/><\/figure>\n\n\n\n<h3 class=\"wp-block-heading\" style=\"margin-top:16px\">Professionnel<\/h3>\n\n\n\n<p>Nous sommes pr\u00e9sents depuis 2016 et nous travaillons avec les plus grandes marques.<\/p>\n<\/div>\n\n\n\n<div class=\"wp-block-column is-layout-flow wp-container-core-column-is-layout-6b73ce23 wp-block-column-is-layout-flow\">\n<figure class=\"wp-block-image size-large\"><img decoding=\"async\" src=\"https:\/\/dev.depaninfo69.fr\/wp-content\/themes\/astra\/inc\/assets\/images\/starter-content\/support.svg\" alt=\"Support\" class=\"wp-image-164\"\/><\/figure>\n\n\n\n<h3 class=\"wp-block-heading\" style=\"margin-top:16px\">Support<\/h3>\n\n\n\n<p>Nous proposons un contrat adapt\u00e9 \u00e0 vos besoins et des extensions de garantie mat\u00e9riel du fabricant.<\/p>\n<\/div>\n<\/div>\n<\/div>\n\n\n\n<div class=\"wp-block-group alignfull has-background is-layout-constrained wp-container-core-group-is-layout-cfcca693 wp-block-group-is-layout-constrained\" id=\"contact\" style=\"background:linear-gradient(35deg,rgb(6,0,151) 0%,rgb(130,4,255) 64%,rgb(193,15,255) 98%);padding-top:104px;padding-bottom:104px\">\n<h2 class=\"wp-block-heading has-text-align-center has-text-color\" style=\"color:#ffffff\">Renseignez-vous d\u00e8s maintenant!<\/h2>\n\n\n\n<div class=\"wp-block-buttons is-horizontal is-content-justification-center is-layout-flex wp-container-core-buttons-is-layout-bba8380a wp-block-buttons-is-layout-flex\" style=\"margin-top:50px\">\n<div class=\"wp-block-button is-style-fill\"><a class=\"wp-block-button__link wp-element-button\" href=\"https:\/\/dev.depaninfo69.fr\/?page_id=60\">Contacter nous<\/a><\/div>\n<\/div>\n\n\n\n<div class=\"wp-block-columns alignfull is-layout-flex wp-container-core-columns-is-layout-28f84493 wp-block-columns-is-layout-flex\">\n<div class=\"wp-block-column is-layout-flow wp-block-column-is-layout-flow\"><\/div>\n<\/div>\n<\/div>\n","protected":false},"excerpt":{"rendered":"<p>Entreprise locale Le si\u00e8ge est \u00e0 Lozanne dans la vall\u00e9e d&rsquo;Azergues \u00e0 mi-chemin entre Lyon et Villefranche-sur-Sa\u00f4ne. Boutique en ligne La boutique en ligne permet aux adh\u00e9rents de passer commande et d\u2019\u00eatre livr\u00e9s sous 48h. Audit Vous avez besoin de faire un point sur la cybers\u00e9curit\u00e9 de votre entreprise. Partenaire Nous sommes certifi\u00e9s aupr\u00e8s de &hellip;<\/p>\n<p class=\"read-more\"> <a class=\"\" href=\"https:\/\/dev.depaninfo69.fr\/\"> <span class=\"screen-reader-text\">Accueil<\/span> Lire la suite\u00a0\u00bb<\/a><\/p>\n","protected":false},"author":1,"featured_media":0,"parent":0,"menu_order":0,"comment_status":"closed","ping_status":"closed","template":"","meta":{"site-sidebar-layout":"no-sidebar","site-content-layout":"plain-container","ast-site-content-layout":"","site-content-style":"default","site-sidebar-style":"default","ast-global-header-display":"","ast-banner-title-visibility":"","ast-main-header-display":"","ast-hfb-above-header-display":"","ast-hfb-below-header-display":"","ast-hfb-mobile-header-display":"","site-post-title":"disabled","ast-breadcrumbs-content":"","ast-featured-img":"","footer-sml-layout":"","theme-transparent-header-meta":"enabled","adv-header-id-meta":"","stick-header-meta":"","header-above-stick-meta":"","header-main-stick-meta":"","header-below-stick-meta":"","astra-migrate-meta-layouts":"","footnotes":""},"class_list":["post-6","page","type-page","status-publish","hentry"],"yoast_head":"<!-- This site is optimized with the Yoast SEO plugin v27.3 - https:\/\/yoast.com\/product\/yoast-seo-wordpress\/ -->\n<title>Accueil - DEPAN&#039;INFO 69<\/title>\n<meta name=\"description\" content=\"Vente, infog\u00e9rance et maintenance informatique pour les professionnels. Nous sommes sp\u00e9cialis\u00e9s dans les ordinateurs, serveurs, imprimantes multifonctions, PDA, r\u00e9seau filaire et WiFi et la T\u00e9l\u00e9phonie IP .\" \/>\n<meta name=\"robots\" content=\"index, follow, max-snippet:-1, max-image-preview:large, max-video-preview:-1\" \/>\n<link rel=\"canonical\" href=\"https:\/\/dev.depaninfo69.fr\/\" \/>\n<meta property=\"og:locale\" content=\"fr_FR\" \/>\n<meta property=\"og:type\" content=\"article\" \/>\n<meta property=\"og:title\" content=\"Accueil - DEPAN&#039;INFO 69\" \/>\n<meta property=\"og:description\" content=\"Vente, infog\u00e9rance et maintenance informatique pour les professionnels. Nous sommes sp\u00e9cialis\u00e9s dans les ordinateurs, serveurs, imprimantes multifonctions, PDA, r\u00e9seau filaire et WiFi et la T\u00e9l\u00e9phonie IP .\" \/>\n<meta property=\"og:url\" content=\"https:\/\/dev.depaninfo69.fr\/\" \/>\n<meta property=\"og:site_name\" content=\"DEPAN&#039;INFO 69\" \/>\n<meta property=\"article:modified_time\" content=\"2023-09-11T05:53:55+00:00\" \/>\n<meta property=\"og:image\" content=\"https:\/\/dev.depaninfo69.fr\/wp-content\/uploads\/2023\/09\/LOGO-SEUL-1024x711.png\" \/>\n<meta name=\"twitter:card\" content=\"summary_large_image\" \/>\n<meta name=\"twitter:label1\" content=\"Dur\u00e9e de lecture estim\u00e9e\" \/>\n\t<meta name=\"twitter:data1\" content=\"4 minutes\" \/>\n<script type=\"application\/ld+json\" class=\"yoast-schema-graph\">{\"@context\":\"https:\\\/\\\/schema.org\",\"@graph\":[{\"@type\":\"WebPage\",\"@id\":\"https:\\\/\\\/dev.depaninfo69.fr\\\/\",\"url\":\"https:\\\/\\\/dev.depaninfo69.fr\\\/\",\"name\":\"Accueil - DEPAN&#039;INFO 69\",\"isPartOf\":{\"@id\":\"https:\\\/\\\/dev.depaninfo69.fr\\\/#website\"},\"primaryImageOfPage\":{\"@id\":\"https:\\\/\\\/dev.depaninfo69.fr\\\/#primaryimage\"},\"image\":{\"@id\":\"https:\\\/\\\/dev.depaninfo69.fr\\\/#primaryimage\"},\"thumbnailUrl\":\"https:\\\/\\\/dev.depaninfo69.fr\\\/wp-content\\\/uploads\\\/2023\\\/09\\\/LOGO-SEUL-1024x711.png\",\"datePublished\":\"2023-08-29T10:06:42+00:00\",\"dateModified\":\"2023-09-11T05:53:55+00:00\",\"description\":\"Vente, infog\u00e9rance et maintenance informatique pour les professionnels. Nous sommes sp\u00e9cialis\u00e9s dans les ordinateurs, serveurs, imprimantes multifonctions, PDA, r\u00e9seau filaire et WiFi et la T\u00e9l\u00e9phonie IP .\",\"breadcrumb\":{\"@id\":\"https:\\\/\\\/dev.depaninfo69.fr\\\/#breadcrumb\"},\"inLanguage\":\"fr-FR\",\"potentialAction\":[{\"@type\":\"ReadAction\",\"target\":[\"https:\\\/\\\/dev.depaninfo69.fr\\\/\"]}]},{\"@type\":\"ImageObject\",\"inLanguage\":\"fr-FR\",\"@id\":\"https:\\\/\\\/dev.depaninfo69.fr\\\/#primaryimage\",\"url\":\"https:\\\/\\\/dev.depaninfo69.fr\\\/wp-content\\\/uploads\\\/2023\\\/09\\\/LOGO-SEUL.png\",\"contentUrl\":\"https:\\\/\\\/dev.depaninfo69.fr\\\/wp-content\\\/uploads\\\/2023\\\/09\\\/LOGO-SEUL.png\",\"width\":3434,\"height\":2385},{\"@type\":\"BreadcrumbList\",\"@id\":\"https:\\\/\\\/dev.depaninfo69.fr\\\/#breadcrumb\",\"itemListElement\":[{\"@type\":\"ListItem\",\"position\":1,\"name\":\"Accueil\",\"item\":\"https:\\\/\\\/dev.depaninfo69.fr\\\/\"},{\"@type\":\"ListItem\",\"position\":2,\"name\":\"Accueil\"}]},{\"@type\":\"WebSite\",\"@id\":\"https:\\\/\\\/dev.depaninfo69.fr\\\/#website\",\"url\":\"https:\\\/\\\/dev.depaninfo69.fr\\\/\",\"name\":\"DEPAN&#039;INFO 69\",\"description\":\"Un service \u00e0 la hauteur de vos exigences\",\"publisher\":{\"@id\":\"https:\\\/\\\/dev.depaninfo69.fr\\\/#organization\"},\"potentialAction\":[{\"@type\":\"SearchAction\",\"target\":{\"@type\":\"EntryPoint\",\"urlTemplate\":\"https:\\\/\\\/dev.depaninfo69.fr\\\/?s={search_term_string}\"},\"query-input\":{\"@type\":\"PropertyValueSpecification\",\"valueRequired\":true,\"valueName\":\"search_term_string\"}}],\"inLanguage\":\"fr-FR\"},{\"@type\":\"Organization\",\"@id\":\"https:\\\/\\\/dev.depaninfo69.fr\\\/#organization\",\"name\":\"DEPAN&#039;INFO 69\",\"url\":\"https:\\\/\\\/dev.depaninfo69.fr\\\/\",\"logo\":{\"@type\":\"ImageObject\",\"inLanguage\":\"fr-FR\",\"@id\":\"https:\\\/\\\/dev.depaninfo69.fr\\\/#\\\/schema\\\/logo\\\/image\\\/\",\"url\":\"https:\\\/\\\/dev.depaninfo69.fr\\\/wp-content\\\/uploads\\\/2023\\\/08\\\/LOGO-SEUL.jpg\",\"contentUrl\":\"https:\\\/\\\/dev.depaninfo69.fr\\\/wp-content\\\/uploads\\\/2023\\\/08\\\/LOGO-SEUL.jpg\",\"width\":824,\"height\":572,\"caption\":\"DEPAN&#039;INFO 69\"},\"image\":{\"@id\":\"https:\\\/\\\/dev.depaninfo69.fr\\\/#\\\/schema\\\/logo\\\/image\\\/\"}}]}<\/script>\n<!-- \/ Yoast SEO plugin. -->","yoast_head_json":{"title":"Accueil - DEPAN&#039;INFO 69","description":"Vente, infog\u00e9rance et maintenance informatique pour les professionnels. Nous sommes sp\u00e9cialis\u00e9s dans les ordinateurs, serveurs, imprimantes multifonctions, PDA, r\u00e9seau filaire et WiFi et la T\u00e9l\u00e9phonie IP .","robots":{"index":"index","follow":"follow","max-snippet":"max-snippet:-1","max-image-preview":"max-image-preview:large","max-video-preview":"max-video-preview:-1"},"canonical":"https:\/\/dev.depaninfo69.fr\/","og_locale":"fr_FR","og_type":"article","og_title":"Accueil - DEPAN&#039;INFO 69","og_description":"Vente, infog\u00e9rance et maintenance informatique pour les professionnels. Nous sommes sp\u00e9cialis\u00e9s dans les ordinateurs, serveurs, imprimantes multifonctions, PDA, r\u00e9seau filaire et WiFi et la T\u00e9l\u00e9phonie IP .","og_url":"https:\/\/dev.depaninfo69.fr\/","og_site_name":"DEPAN&#039;INFO 69","article_modified_time":"2023-09-11T05:53:55+00:00","og_image":[{"url":"https:\/\/dev.depaninfo69.fr\/wp-content\/uploads\/2023\/09\/LOGO-SEUL-1024x711.png","type":"","width":"","height":""}],"twitter_card":"summary_large_image","twitter_misc":{"Dur\u00e9e de lecture estim\u00e9e":"4 minutes"},"schema":{"@context":"https:\/\/schema.org","@graph":[{"@type":"WebPage","@id":"https:\/\/dev.depaninfo69.fr\/","url":"https:\/\/dev.depaninfo69.fr\/","name":"Accueil - DEPAN&#039;INFO 69","isPartOf":{"@id":"https:\/\/dev.depaninfo69.fr\/#website"},"primaryImageOfPage":{"@id":"https:\/\/dev.depaninfo69.fr\/#primaryimage"},"image":{"@id":"https:\/\/dev.depaninfo69.fr\/#primaryimage"},"thumbnailUrl":"https:\/\/dev.depaninfo69.fr\/wp-content\/uploads\/2023\/09\/LOGO-SEUL-1024x711.png","datePublished":"2023-08-29T10:06:42+00:00","dateModified":"2023-09-11T05:53:55+00:00","description":"Vente, infog\u00e9rance et maintenance informatique pour les professionnels. Nous sommes sp\u00e9cialis\u00e9s dans les ordinateurs, serveurs, imprimantes multifonctions, PDA, r\u00e9seau filaire et WiFi et la T\u00e9l\u00e9phonie IP .","breadcrumb":{"@id":"https:\/\/dev.depaninfo69.fr\/#breadcrumb"},"inLanguage":"fr-FR","potentialAction":[{"@type":"ReadAction","target":["https:\/\/dev.depaninfo69.fr\/"]}]},{"@type":"ImageObject","inLanguage":"fr-FR","@id":"https:\/\/dev.depaninfo69.fr\/#primaryimage","url":"https:\/\/dev.depaninfo69.fr\/wp-content\/uploads\/2023\/09\/LOGO-SEUL.png","contentUrl":"https:\/\/dev.depaninfo69.fr\/wp-content\/uploads\/2023\/09\/LOGO-SEUL.png","width":3434,"height":2385},{"@type":"BreadcrumbList","@id":"https:\/\/dev.depaninfo69.fr\/#breadcrumb","itemListElement":[{"@type":"ListItem","position":1,"name":"Accueil","item":"https:\/\/dev.depaninfo69.fr\/"},{"@type":"ListItem","position":2,"name":"Accueil"}]},{"@type":"WebSite","@id":"https:\/\/dev.depaninfo69.fr\/#website","url":"https:\/\/dev.depaninfo69.fr\/","name":"DEPAN&#039;INFO 69","description":"Un service \u00e0 la hauteur de vos exigences","publisher":{"@id":"https:\/\/dev.depaninfo69.fr\/#organization"},"potentialAction":[{"@type":"SearchAction","target":{"@type":"EntryPoint","urlTemplate":"https:\/\/dev.depaninfo69.fr\/?s={search_term_string}"},"query-input":{"@type":"PropertyValueSpecification","valueRequired":true,"valueName":"search_term_string"}}],"inLanguage":"fr-FR"},{"@type":"Organization","@id":"https:\/\/dev.depaninfo69.fr\/#organization","name":"DEPAN&#039;INFO 69","url":"https:\/\/dev.depaninfo69.fr\/","logo":{"@type":"ImageObject","inLanguage":"fr-FR","@id":"https:\/\/dev.depaninfo69.fr\/#\/schema\/logo\/image\/","url":"https:\/\/dev.depaninfo69.fr\/wp-content\/uploads\/2023\/08\/LOGO-SEUL.jpg","contentUrl":"https:\/\/dev.depaninfo69.fr\/wp-content\/uploads\/2023\/08\/LOGO-SEUL.jpg","width":824,"height":572,"caption":"DEPAN&#039;INFO 69"},"image":{"@id":"https:\/\/dev.depaninfo69.fr\/#\/schema\/logo\/image\/"}}]}},"_links":{"self":[{"href":"https:\/\/dev.depaninfo69.fr\/index.php?rest_route=\/wp\/v2\/pages\/6","targetHints":{"allow":["GET"]}}],"collection":[{"href":"https:\/\/dev.depaninfo69.fr\/index.php?rest_route=\/wp\/v2\/pages"}],"about":[{"href":"https:\/\/dev.depaninfo69.fr\/index.php?rest_route=\/wp\/v2\/types\/page"}],"author":[{"embeddable":true,"href":"https:\/\/dev.depaninfo69.fr\/index.php?rest_route=\/wp\/v2\/users\/1"}],"replies":[{"embeddable":true,"href":"https:\/\/dev.depaninfo69.fr\/index.php?rest_route=%2Fwp%2Fv2%2Fcomments&post=6"}],"version-history":[{"count":39,"href":"https:\/\/dev.depaninfo69.fr\/index.php?rest_route=\/wp\/v2\/pages\/6\/revisions"}],"predecessor-version":[{"id":122,"href":"https:\/\/dev.depaninfo69.fr\/index.php?rest_route=\/wp\/v2\/pages\/6\/revisions\/122"}],"wp:attachment":[{"href":"https:\/\/dev.depaninfo69.fr\/index.php?rest_route=%2Fwp%2Fv2%2Fmedia&parent=6"}],"curies":[{"name":"wp","href":"https:\/\/api.w.org\/{rel}","templated":true}]}}