{"id":60,"date":"2023-09-01T11:06:08","date_gmt":"2023-09-01T09:06:08","guid":{"rendered":"https:\/\/dev.depaninfo69.fr\/?page_id=60"},"modified":"2023-09-09T12:31:48","modified_gmt":"2023-09-09T10:31:48","slug":"contact","status":"publish","type":"page","link":"https:\/\/dev.depaninfo69.fr\/?page_id=60","title":{"rendered":"Contact"},"content":{"rendered":"\n<h2 class=\"wp-block-heading\">Formulaire de contact<\/h2>\n\n\n\n<p>Nous r\u00e9pondrons dans les plus brefs d\u00e9lais \u00e0 votre demande.<\/p>\n\n\n\n<div class=\"wpcf7 no-js\" id=\"wpcf7-f101-o1\" lang=\"fr-FR\" dir=\"ltr\">\n<div class=\"screen-reader-response\"><p role=\"status\" aria-live=\"polite\" aria-atomic=\"true\"><\/p> <ul><\/ul><\/div>\n<form action=\"\/index.php?rest_route=%2Fwp%2Fv2%2Fpages%2F60#wpcf7-f101-o1\" method=\"post\" class=\"wpcf7-form init\" aria-label=\"Formulaire de contact\" novalidate=\"novalidate\" data-status=\"init\">\n<div style=\"display: none;\">\n<input type=\"hidden\" name=\"_wpcf7\" value=\"101\" \/>\n<input type=\"hidden\" name=\"_wpcf7_version\" value=\"5.8\" \/>\n<input type=\"hidden\" name=\"_wpcf7_locale\" value=\"fr_FR\" \/>\n<input type=\"hidden\" name=\"_wpcf7_unit_tag\" value=\"wpcf7-f101-o1\" \/>\n<input type=\"hidden\" name=\"_wpcf7_container_post\" value=\"0\" \/>\n<input type=\"hidden\" name=\"_wpcf7_posted_data_hash\" value=\"\" \/>\n<\/div>\n<p><label> Soci\u00e9t\u00e9<br \/>\n<span class=\"wpcf7-form-control-wrap\" data-name=\"SOCIETE\"><input size=\"40\" class=\"wpcf7-form-control wpcf7-text wpcf7-validates-as-required\" aria-required=\"true\" aria-invalid=\"false\" placeholder=\"Champs obligatoire\" value=\"\" type=\"text\" name=\"SOCIETE\" \/><\/span><\/label>\n<\/p>\n<p><label> Nomhttps:\/\/dev.depaninfo69.fr\/wp-admin\/admin.php?page=wpcf7&post=101&action=edit#mail-panel<br \/>\n<span class=\"wpcf7-form-control-wrap\" data-name=\"NOM\"><input size=\"40\" class=\"wpcf7-form-control wpcf7-text wpcf7-validates-as-required\" aria-required=\"true\" aria-invalid=\"false\" placeholder=\"Champs obligatoire\" value=\"\" type=\"text\" name=\"NOM\" \/><\/span><\/label>\n<\/p>\n<p><label> Pr\u00e9nom<br \/>\n<span class=\"wpcf7-form-control-wrap\" data-name=\"PRENOM\"><input size=\"40\" class=\"wpcf7-form-control wpcf7-text wpcf7-validates-as-required\" aria-required=\"true\" aria-invalid=\"false\" placeholder=\"Champs obligatoire\" value=\"\" type=\"text\" name=\"PRENOM\" \/><\/span><\/label>\n<\/p>\n<p><label> Fonction<br \/>\n<span class=\"wpcf7-form-control-wrap\" data-name=\"FONCTION\"><input size=\"40\" class=\"wpcf7-form-control wpcf7-text\" aria-invalid=\"false\" placeholder=\"Champs obligatoire\" value=\"\" type=\"text\" name=\"FONCTION\" \/><\/span><\/label>\n<\/p>\n<p><label> Email<br \/>\n<span class=\"wpcf7-form-control-wrap\" data-name=\"EMAIL\"><input size=\"40\" class=\"wpcf7-form-control wpcf7-email wpcf7-validates-as-required wpcf7-text wpcf7-validates-as-email\" aria-required=\"true\" aria-invalid=\"false\" placeholder=\"Champs obligatoire\" value=\"\" type=\"email\" name=\"EMAIL\" \/><\/span><\/label>\n<\/p>\n<p><label> T\u00e9l\u00e9phone<br \/>\n<span class=\"wpcf7-form-control-wrap\" data-name=\"TELEPHONE\"><input size=\"40\" maxlength=\"10\" minlength=\"10\" class=\"wpcf7-form-control wpcf7-tel wpcf7-validates-as-required wpcf7-text wpcf7-validates-as-tel\" aria-required=\"true\" aria-invalid=\"false\" placeholder=\"Champs obligatoire\" value=\"\" type=\"tel\" name=\"TELEPHONE\" \/><\/span><\/label>\n<\/p>\n<p><label> Sujet<br \/>\n<span class=\"wpcf7-form-control-wrap\" data-name=\"SUJET\"><input size=\"40\" class=\"wpcf7-form-control wpcf7-text wpcf7-validates-as-required\" aria-required=\"true\" aria-invalid=\"false\" placeholder=\"Champs obligatoire\" value=\"\" type=\"text\" name=\"SUJET\" \/><\/span><\/label>\n<\/p>\n<p><label> Message<br \/>\n<span class=\"wpcf7-form-control-wrap\" data-name=\"MESSAGE\"><textarea cols=\"40\" rows=\"10\" class=\"wpcf7-form-control wpcf7-textarea\" aria-invalid=\"false\" name=\"MESSAGE\"><\/textarea><\/span> <\/label>\n<\/p>\n<p>[recaptcha]\n<\/p>\n<p><input class=\"wpcf7-form-control wpcf7-submit has-spinner\" type=\"submit\" value=\"Envoyer\" \/>\n<\/p><div class=\"wpcf7-response-output\" aria-hidden=\"true\"><\/div>\n<\/form>\n<\/div>\n\n","protected":false},"excerpt":{"rendered":"<p>Formulaire de contact Nous r\u00e9pondrons dans les plus brefs d\u00e9lais \u00e0 votre demande.<\/p>\n","protected":false},"author":1,"featured_media":0,"parent":0,"menu_order":0,"comment_status":"closed","ping_status":"closed","template":"","meta":{"site-sidebar-layout":"default","site-content-layout":"","ast-site-content-layout":"","site-content-style":"default","site-sidebar-style":"default","ast-global-header-display":"","ast-banner-title-visibility":"","ast-main-header-display":"","ast-hfb-above-header-display":"","ast-hfb-below-header-display":"","ast-hfb-mobile-header-display":"","site-post-title":"","ast-breadcrumbs-content":"","ast-featured-img":"","footer-sml-layout":"","theme-transparent-header-meta":"","adv-header-id-meta":"","stick-header-meta":"","header-above-stick-meta":"","header-main-stick-meta":"","header-below-stick-meta":"","astra-migrate-meta-layouts":"","footnotes":""},"class_list":["post-60","page","type-page","status-publish","hentry"],"yoast_head":"<!-- This site is optimized with the Yoast SEO plugin v27.3 - https:\/\/yoast.com\/product\/yoast-seo-wordpress\/ -->\n<title>Contact - DEPAN&#039;INFO 69<\/title>\n<meta name=\"robots\" content=\"index, follow, max-snippet:-1, max-image-preview:large, max-video-preview:-1\" \/>\n<link rel=\"canonical\" href=\"https:\/\/dev.depaninfo69.fr\/?page_id=60\" \/>\n<meta property=\"og:locale\" content=\"fr_FR\" \/>\n<meta property=\"og:type\" content=\"article\" \/>\n<meta property=\"og:title\" content=\"Contact - DEPAN&#039;INFO 69\" \/>\n<meta property=\"og:description\" content=\"Formulaire de contact Nous r\u00e9pondrons dans les plus brefs d\u00e9lais \u00e0 votre demande.\" \/>\n<meta property=\"og:url\" content=\"https:\/\/dev.depaninfo69.fr\/?page_id=60\" \/>\n<meta property=\"og:site_name\" content=\"DEPAN&#039;INFO 69\" \/>\n<meta property=\"article:modified_time\" content=\"2023-09-09T10:31:48+00:00\" \/>\n<meta name=\"twitter:card\" content=\"summary_large_image\" \/>\n<meta name=\"twitter:label1\" content=\"Dur\u00e9e de lecture estim\u00e9e\" \/>\n\t<meta name=\"twitter:data1\" content=\"1 minute\" \/>\n<script type=\"application\/ld+json\" class=\"yoast-schema-graph\">{\"@context\":\"https:\\\/\\\/schema.org\",\"@graph\":[{\"@type\":\"WebPage\",\"@id\":\"https:\\\/\\\/dev.depaninfo69.fr\\\/?page_id=60\",\"url\":\"https:\\\/\\\/dev.depaninfo69.fr\\\/?page_id=60\",\"name\":\"Contact - DEPAN&#039;INFO 69\",\"isPartOf\":{\"@id\":\"https:\\\/\\\/dev.depaninfo69.fr\\\/#website\"},\"datePublished\":\"2023-09-01T09:06:08+00:00\",\"dateModified\":\"2023-09-09T10:31:48+00:00\",\"breadcrumb\":{\"@id\":\"https:\\\/\\\/dev.depaninfo69.fr\\\/?page_id=60#breadcrumb\"},\"inLanguage\":\"fr-FR\",\"potentialAction\":[{\"@type\":\"ReadAction\",\"target\":[\"https:\\\/\\\/dev.depaninfo69.fr\\\/?page_id=60\"]}]},{\"@type\":\"BreadcrumbList\",\"@id\":\"https:\\\/\\\/dev.depaninfo69.fr\\\/?page_id=60#breadcrumb\",\"itemListElement\":[{\"@type\":\"ListItem\",\"position\":1,\"name\":\"Accueil\",\"item\":\"https:\\\/\\\/dev.depaninfo69.fr\\\/\"},{\"@type\":\"ListItem\",\"position\":2,\"name\":\"Contact\"}]},{\"@type\":\"WebSite\",\"@id\":\"https:\\\/\\\/dev.depaninfo69.fr\\\/#website\",\"url\":\"https:\\\/\\\/dev.depaninfo69.fr\\\/\",\"name\":\"DEPAN&#039;INFO 69\",\"description\":\"Un service \u00e0 la hauteur de vos exigences\",\"publisher\":{\"@id\":\"https:\\\/\\\/dev.depaninfo69.fr\\\/#organization\"},\"potentialAction\":[{\"@type\":\"SearchAction\",\"target\":{\"@type\":\"EntryPoint\",\"urlTemplate\":\"https:\\\/\\\/dev.depaninfo69.fr\\\/?s={search_term_string}\"},\"query-input\":{\"@type\":\"PropertyValueSpecification\",\"valueRequired\":true,\"valueName\":\"search_term_string\"}}],\"inLanguage\":\"fr-FR\"},{\"@type\":\"Organization\",\"@id\":\"https:\\\/\\\/dev.depaninfo69.fr\\\/#organization\",\"name\":\"DEPAN&#039;INFO 69\",\"url\":\"https:\\\/\\\/dev.depaninfo69.fr\\\/\",\"logo\":{\"@type\":\"ImageObject\",\"inLanguage\":\"fr-FR\",\"@id\":\"https:\\\/\\\/dev.depaninfo69.fr\\\/#\\\/schema\\\/logo\\\/image\\\/\",\"url\":\"https:\\\/\\\/dev.depaninfo69.fr\\\/wp-content\\\/uploads\\\/2023\\\/08\\\/LOGO-SEUL.jpg\",\"contentUrl\":\"https:\\\/\\\/dev.depaninfo69.fr\\\/wp-content\\\/uploads\\\/2023\\\/08\\\/LOGO-SEUL.jpg\",\"width\":824,\"height\":572,\"caption\":\"DEPAN&#039;INFO 69\"},\"image\":{\"@id\":\"https:\\\/\\\/dev.depaninfo69.fr\\\/#\\\/schema\\\/logo\\\/image\\\/\"}}]}<\/script>\n<!-- \/ Yoast SEO plugin. -->","yoast_head_json":{"title":"Contact - DEPAN&#039;INFO 69","robots":{"index":"index","follow":"follow","max-snippet":"max-snippet:-1","max-image-preview":"max-image-preview:large","max-video-preview":"max-video-preview:-1"},"canonical":"https:\/\/dev.depaninfo69.fr\/?page_id=60","og_locale":"fr_FR","og_type":"article","og_title":"Contact - DEPAN&#039;INFO 69","og_description":"Formulaire de contact Nous r\u00e9pondrons dans les plus brefs d\u00e9lais \u00e0 votre demande.","og_url":"https:\/\/dev.depaninfo69.fr\/?page_id=60","og_site_name":"DEPAN&#039;INFO 69","article_modified_time":"2023-09-09T10:31:48+00:00","twitter_card":"summary_large_image","twitter_misc":{"Dur\u00e9e de lecture estim\u00e9e":"1 minute"},"schema":{"@context":"https:\/\/schema.org","@graph":[{"@type":"WebPage","@id":"https:\/\/dev.depaninfo69.fr\/?page_id=60","url":"https:\/\/dev.depaninfo69.fr\/?page_id=60","name":"Contact - DEPAN&#039;INFO 69","isPartOf":{"@id":"https:\/\/dev.depaninfo69.fr\/#website"},"datePublished":"2023-09-01T09:06:08+00:00","dateModified":"2023-09-09T10:31:48+00:00","breadcrumb":{"@id":"https:\/\/dev.depaninfo69.fr\/?page_id=60#breadcrumb"},"inLanguage":"fr-FR","potentialAction":[{"@type":"ReadAction","target":["https:\/\/dev.depaninfo69.fr\/?page_id=60"]}]},{"@type":"BreadcrumbList","@id":"https:\/\/dev.depaninfo69.fr\/?page_id=60#breadcrumb","itemListElement":[{"@type":"ListItem","position":1,"name":"Accueil","item":"https:\/\/dev.depaninfo69.fr\/"},{"@type":"ListItem","position":2,"name":"Contact"}]},{"@type":"WebSite","@id":"https:\/\/dev.depaninfo69.fr\/#website","url":"https:\/\/dev.depaninfo69.fr\/","name":"DEPAN&#039;INFO 69","description":"Un service \u00e0 la hauteur de vos exigences","publisher":{"@id":"https:\/\/dev.depaninfo69.fr\/#organization"},"potentialAction":[{"@type":"SearchAction","target":{"@type":"EntryPoint","urlTemplate":"https:\/\/dev.depaninfo69.fr\/?s={search_term_string}"},"query-input":{"@type":"PropertyValueSpecification","valueRequired":true,"valueName":"search_term_string"}}],"inLanguage":"fr-FR"},{"@type":"Organization","@id":"https:\/\/dev.depaninfo69.fr\/#organization","name":"DEPAN&#039;INFO 69","url":"https:\/\/dev.depaninfo69.fr\/","logo":{"@type":"ImageObject","inLanguage":"fr-FR","@id":"https:\/\/dev.depaninfo69.fr\/#\/schema\/logo\/image\/","url":"https:\/\/dev.depaninfo69.fr\/wp-content\/uploads\/2023\/08\/LOGO-SEUL.jpg","contentUrl":"https:\/\/dev.depaninfo69.fr\/wp-content\/uploads\/2023\/08\/LOGO-SEUL.jpg","width":824,"height":572,"caption":"DEPAN&#039;INFO 69"},"image":{"@id":"https:\/\/dev.depaninfo69.fr\/#\/schema\/logo\/image\/"}}]}},"_links":{"self":[{"href":"https:\/\/dev.depaninfo69.fr\/index.php?rest_route=\/wp\/v2\/pages\/60","targetHints":{"allow":["GET"]}}],"collection":[{"href":"https:\/\/dev.depaninfo69.fr\/index.php?rest_route=\/wp\/v2\/pages"}],"about":[{"href":"https:\/\/dev.depaninfo69.fr\/index.php?rest_route=\/wp\/v2\/types\/page"}],"author":[{"embeddable":true,"href":"https:\/\/dev.depaninfo69.fr\/index.php?rest_route=\/wp\/v2\/users\/1"}],"replies":[{"embeddable":true,"href":"https:\/\/dev.depaninfo69.fr\/index.php?rest_route=%2Fwp%2Fv2%2Fcomments&post=60"}],"version-history":[{"count":8,"href":"https:\/\/dev.depaninfo69.fr\/index.php?rest_route=\/wp\/v2\/pages\/60\/revisions"}],"predecessor-version":[{"id":114,"href":"https:\/\/dev.depaninfo69.fr\/index.php?rest_route=\/wp\/v2\/pages\/60\/revisions\/114"}],"wp:attachment":[{"href":"https:\/\/dev.depaninfo69.fr\/index.php?rest_route=%2Fwp%2Fv2%2Fmedia&parent=60"}],"curies":[{"name":"wp","href":"https:\/\/api.w.org\/{rel}","templated":true}]}}